{"id":3890,"date":"2021-05-13T15:11:14","date_gmt":"2021-05-13T20:11:14","guid":{"rendered":"https:\/\/ebmmanufacturing.com\/?page_id=3890"},"modified":"2024-01-31T14:48:51","modified_gmt":"2024-01-31T20:48:51","slug":"fabricator","status":"publish","type":"page","link":"https:\/\/ebmmanufacturing.com\/es\/careers\/fabricator\/","title":{"rendered":"Fabricator"},"content":{"rendered":"<div data-elementor-type=\"wp-page\" data-elementor-id=\"3890\" class=\"elementor elementor-3890\" data-elementor-settings=\"{&quot;ha_cmc_init_switcher&quot;:&quot;no&quot;}\" data-elementor-post-type=\"page\">\n\t\t\t\t\t\t<section class=\"elementor-section elementor-top-section elementor-element elementor-element-2429b9f elementor-section-boxed elementor-section-height-default elementor-section-height-default exad-glass-effect-no exad-sticky-section-no\" data-id=\"2429b9f\" data-element_type=\"section\" data-e-type=\"section\" data-settings=\"{&quot;_ha_eqh_enable&quot;:false}\">\n\t\t\t\t\t\t<div class=\"elementor-container elementor-column-gap-default\">\n\t\t\t\t\t<div class=\"elementor-column elementor-col-100 elementor-top-column elementor-element elementor-element-5034ede exad-glass-effect-no exad-sticky-section-no\" data-id=\"5034ede\" data-element_type=\"column\" data-e-type=\"column\">\n\t\t\t<div class=\"elementor-widget-wrap elementor-element-populated\">\n\t\t\t\t\t\t<div class=\"elementor-element elementor-element-0e6237c exad-sticky-section-no exad-glass-effect-no elementor-widget elementor-widget-spacer\" data-id=\"0e6237c\" data-element_type=\"widget\" data-e-type=\"widget\" data-widget_type=\"spacer.default\">\n\t\t\t\t<div class=\"elementor-widget-container\">\n\t\t\t\t\t\t\t<div class=\"elementor-spacer\">\n\t\t\t<div class=\"elementor-spacer-inner\"><\/div>\n\t\t<\/div>\n\t\t\t\t\t\t<\/div>\n\t\t\t\t<\/div>\n\t\t\t\t<div class=\"elementor-element elementor-element-31bf8e8 exad-sticky-section-no exad-glass-effect-no elementor-widget elementor-widget-heading\" data-id=\"31bf8e8\" data-element_type=\"widget\" data-e-type=\"widget\" data-widget_type=\"heading.default\">\n\t\t\t\t<div class=\"elementor-widget-container\">\n\t\t\t\t\t<h2 class=\"elementor-heading-title elementor-size-default\">SOLDADORES\/ FABRICANTES\/ OPERADORES DE M\u00c1QUINAS <\/h2>\t\t\t\t<\/div>\n\t\t\t\t<\/div>\n\t\t\t\t<div class=\"elementor-element elementor-element-78434b5 exad-sticky-section-no exad-glass-effect-no elementor-widget elementor-widget-text-editor\" data-id=\"78434b5\" data-element_type=\"widget\" data-e-type=\"widget\" data-widget_type=\"text-editor.default\">\n\t\t\t\t<div class=\"elementor-widget-container\">\n\t\t\t\t\t\t\t\t\t<p>EBM Manufacturing is an industry leader in the production of bulk handling agri-industrial equipment and custom screening technology. We are presently seeking a full time welders \/ fabricators\/ machine operators. Must have 3-5 years of experience.<\/p>\n<p>Responsabilidades:<\/p>\n<ul>\n<li>Corta la pieza de trabajo con una m\u00e1quina CNC, sierras motorizadas, cizallas manuales o una cuchilla para astillar.<\/li>\n<li>Reconocer, configurar y operar herramientas y equipos para puntos de soldadura o soldaduras de componentes y conjuntos, utilizando equipos de soldadura el\u00e9ctrica, de gas, de arco u otros en posiciones planas, verticales o elevadas.<\/li>\n<li>Distribuye, coloca y asegura piezas y ensamblajes de acuerdo con las especificaciones, utilizando regla, escuadra combinada, calibradores y regla.<\/li>\n<li>Trabajar con l\u00edmites precisos y est\u00e1ndares de precisi\u00f3n.<\/li>\n<li>Inspecciona ranuras, \u00e1ngulos o tolerancias de espacio utilizando instrumentos de medici\u00f3n de precisi\u00f3n, micr\u00f3metros y calibradores.<\/li>\n<li>Material handling and storage; heavy lifting (50-80 lbs.), pushing, pulling, bending, squatting, walking, forward\/above shoulder reaching and balancing for long periods of time and perform strenuous physical labor primarily indoors and occasionally under non-environmentally controlled&nbsp; shop conditions. No travel required.<\/li>\n<\/ul>\n<p>Habilidades preferidas:<\/p>\n<ul>\n<li>Conocimiento de t\u00e9cnicas de dise\u00f1o, herramientas y principios involucrados en la producci\u00f3n de planos, planos, dibujos y modelos t\u00e9cnicos de precisi\u00f3n.<\/li>\n<li>Habilidad para sumar, restar, multiplicar y dividir en todas las unidades de medida, usando n\u00fameros enteros, fracciones comunes y decimales. Capacidad para calcular tasas, proporciones y porcentajes y para leer e interpretar la regla del metal. Reconocer la importancia de ser exacto o preciso.<\/li>\n<li>Capacidad para operar con seguridad maquinaria y equipo de fabricaci\u00f3n y taller mec\u00e1nico.<\/li>\n<li>Reconocer, configurar y operar herramientas manuales y el\u00e9ctricas comunes en el comercio de soldadura.<\/li>\n<li>Ubique y marque las l\u00edneas de doblado y corte de la pieza de trabajo, lo que permite el grosor del material, la contracci\u00f3n de la m\u00e1quina y la soldadura y otras especificaciones de los componentes.<\/li>\n<li>Capacidad para mover piezas de manera segura a su posici\u00f3n, manualmente o con montacargas o gr\u00faas.<\/li>\n<li>Alinee y ajuste las piezas de acuerdo con las especificaciones, utilizando gatos, tensores, cu\u00f1as, pasadores, palancas y martillos.<\/li>\n<li>Capacidad para soldar por separado o en combinaci\u00f3n, utilizando aluminio, acero inoxidable, hierro fundido y otras aleaciones.<\/li>\n<li>H\u00e1bil en mec\u00e1nica y capaz de inspeccionar y realizar mantenimiento menor de m\u00e1quinas, como engrasar m\u00e1quinas, troqueles o piezas de trabajo. Realizar trabajos de quema.<\/li>\n<li>Capacidad para comprender, seguir y transmitir instrucciones escritas y orales en ingl\u00e9s para la eficiencia en las asignaciones de trabajo cooperativo, para seguir y promover pr\u00e1cticas de trabajo seguras, y preparar y presentar informes y cronometraje consistentes y precisos.<\/li>\n<li>Capacidad para trabajar de forma independiente y como parte de un equipo para completar las actividades diarias de acuerdo con los horarios de trabajo.<\/li>\n<li>Cargar o descargar bultos, equipos o materiales a\/desde camiones; mover bultos, equipos o materiales a las \u00e1reas de almacenamiento o de trabajo utilizando equipos de manejo de materiales.<\/li>\n<li>Realiza otras tareas que se le asignen.<\/li>\n<\/ul>\t\t\t\t\t\t\t\t<\/div>\n\t\t\t\t<\/div>\n\t\t\t\t<div class=\"elementor-element elementor-element-a49e53a exad-sticky-section-no exad-glass-effect-no elementor-widget elementor-widget-button\" data-id=\"a49e53a\" data-element_type=\"widget\" data-e-type=\"widget\" data-widget_type=\"button.default\">\n\t\t\t\t<div class=\"elementor-widget-container\">\n\t\t\t\t\t\t\t\t\t<div class=\"elementor-button-wrapper\">\n\t\t\t\t\t<a class=\"elementor-button elementor-button-link elementor-size-sm\" href=\"https:\/\/ebmmanufacturing.com\/es\/apply\/\">\n\t\t\t\t\t\t<span class=\"elementor-button-content-wrapper\">\n\t\t\t\t\t\t\t\t\t<span class=\"elementor-button-text\">apply now &gt;<\/span>\n\t\t\t\t\t<\/span>\n\t\t\t\t\t<\/a>\n\t\t\t\t<\/div>\n\t\t\t\t\t\t\t\t<\/div>\n\t\t\t\t<\/div>\n\t\t\t\t<div class=\"elementor-element elementor-element-dead797 exad-sticky-section-no exad-glass-effect-no elementor-widget elementor-widget-spacer\" data-id=\"dead797\" data-element_type=\"widget\" data-e-type=\"widget\" data-widget_type=\"spacer.default\">\n\t\t\t\t<div class=\"elementor-widget-container\">\n\t\t\t\t\t\t\t<div class=\"elementor-spacer\">\n\t\t\t<div class=\"elementor-spacer-inner\"><\/div>\n\t\t<\/div>\n\t\t\t\t\t\t<\/div>\n\t\t\t\t<\/div>\n\t\t\t\t\t<\/div>\n\t\t<\/div>\n\t\t\t\t\t<\/div>\n\t\t<\/section>\n\t\t\t\t<section class=\"elementor-section elementor-top-section elementor-element elementor-element-605d82e elementor-section-full_width elementor-section-height-min-height elementor-section-content-middle elementor-section-height-default elementor-section-items-middle exad-glass-effect-no exad-sticky-section-no\" data-id=\"605d82e\" data-element_type=\"section\" data-e-type=\"section\" data-settings=\"{&quot;background_background&quot;:&quot;classic&quot;,&quot;_ha_eqh_enable&quot;:false}\">\n\t\t\t\t\t\t<div class=\"elementor-container elementor-column-gap-default\">\n\t\t\t\t\t<div class=\"elementor-column elementor-col-100 elementor-top-column elementor-element elementor-element-c60c52a exad-glass-effect-no exad-sticky-section-no\" data-id=\"c60c52a\" data-element_type=\"column\" data-e-type=\"column\">\n\t\t\t<div class=\"elementor-widget-wrap elementor-element-populated\">\n\t\t\t\t\t\t<div class=\"elementor-element elementor-element-c829ab9 elementor-widget-divider--view-line exad-sticky-section-no exad-glass-effect-no elementor-widget elementor-widget-divider\" data-id=\"c829ab9\" data-element_type=\"widget\" data-e-type=\"widget\" data-widget_type=\"divider.default\">\n\t\t\t\t<div class=\"elementor-widget-container\">\n\t\t\t\t\t\t\t<div class=\"elementor-divider\">\n\t\t\t<span class=\"elementor-divider-separator\">\n\t\t\t\t\t\t<\/span>\n\t\t<\/div>\n\t\t\t\t\t\t<\/div>\n\t\t\t\t<\/div>\n\t\t\t\t<div class=\"elementor-element elementor-element-c659438 exad-sticky-section-no exad-glass-effect-no elementor-widget elementor-widget-heading\" data-id=\"c659438\" data-element_type=\"widget\" data-e-type=\"widget\" data-widget_type=\"heading.default\">\n\t\t\t\t<div class=\"elementor-widget-container\">\n\t\t\t\t\t<h2 class=\"elementor-heading-title elementor-size-default\">hecho con orgullo en los Estados Unidos<\/h2>\t\t\t\t<\/div>\n\t\t\t\t<\/div>\n\t\t\t\t\t<\/div>\n\t\t<\/div>\n\t\t\t\t\t<\/div>\n\t\t<\/section>\n\t\t\t\t<\/div>","protected":false},"excerpt":{"rendered":"<p>WELDERS \/\/ FABRICATORS \/\/ MACHINE OPERATORS EBM Manufacturing is an industry leader in the production of bulk handling agri-industrial equipment and custom screening technology. We are presently seeking a full time welders \/ fabricators\/ machine operators. Must have 3-5 years of experience. Responsibilities: Cuts workpiece using CNC machine, powered saws, hand shears or chipping knife. [&hellip;]<\/p>\n","protected":false},"author":4,"featured_media":0,"parent":1644,"menu_order":0,"comment_status":"closed","ping_status":"closed","template":"","meta":{"content-type":"","footnotes":""},"class_list":["post-3890","page","type-page","status-publish","hentry"],"yoast_head":"<!-- This site is optimized with the Yoast SEO plugin v27.1.1 - https:\/\/yoast.com\/product\/yoast-seo-wordpress\/ -->\n<title>Fabricator - EBM Manufacturing<\/title>\n<meta name=\"robots\" content=\"index, follow, max-snippet:-1, max-image-preview:large, max-video-preview:-1\" \/>\n<link rel=\"canonical\" href=\"https:\/\/ebmmanufacturing.com\/es\/careers\/fabricator\/\" \/>\n<meta property=\"og:locale\" content=\"es_ES\" \/>\n<meta property=\"og:type\" content=\"article\" \/>\n<meta property=\"og:title\" content=\"Fabricator - EBM Manufacturing\" \/>\n<meta property=\"og:description\" content=\"WELDERS \/\/ FABRICATORS \/\/ MACHINE OPERATORS EBM Manufacturing is an industry leader in the production of bulk handling agri-industrial equipment and custom screening technology. We are presently seeking a full time welders \/ fabricators\/ machine operators. Must have 3-5 years of experience. Responsibilities: Cuts workpiece using CNC machine, powered saws, hand shears or chipping knife. [&hellip;]\" \/>\n<meta property=\"og:url\" content=\"https:\/\/ebmmanufacturing.com\/es\/careers\/fabricator\/\" \/>\n<meta property=\"og:site_name\" content=\"EBM Manufacturing\" \/>\n<meta property=\"article:publisher\" content=\"https:\/\/www.facebook.com\/GentleRoll\/\" \/>\n<meta property=\"article:modified_time\" content=\"2024-01-31T20:48:51+00:00\" \/>\n<meta name=\"twitter:card\" content=\"summary_large_image\" \/>\n<meta name=\"twitter:site\" content=\"@Gentle_Roll\" \/>\n<meta name=\"twitter:label1\" content=\"Tiempo de lectura\" \/>\n\t<meta name=\"twitter:data1\" content=\"2 minutos\" \/>\n<script type=\"application\/ld+json\" class=\"yoast-schema-graph\">{\"@context\":\"https:\/\/schema.org\",\"@graph\":[{\"@type\":\"WebPage\",\"@id\":\"https:\/\/ebmmanufacturing.com\/careers\/fabricator\/\",\"url\":\"https:\/\/ebmmanufacturing.com\/careers\/fabricator\/\",\"name\":\"Fabricator - EBM Manufacturing\",\"isPartOf\":{\"@id\":\"https:\/\/ebmmanufacturing.com\/#website\"},\"datePublished\":\"2021-05-13T20:11:14+00:00\",\"dateModified\":\"2024-01-31T20:48:51+00:00\",\"breadcrumb\":{\"@id\":\"https:\/\/ebmmanufacturing.com\/careers\/fabricator\/#breadcrumb\"},\"inLanguage\":\"es\",\"potentialAction\":[{\"@type\":\"ReadAction\",\"target\":[\"https:\/\/ebmmanufacturing.com\/careers\/fabricator\/\"]}]},{\"@type\":\"BreadcrumbList\",\"@id\":\"https:\/\/ebmmanufacturing.com\/careers\/fabricator\/#breadcrumb\",\"itemListElement\":[{\"@type\":\"ListItem\",\"position\":1,\"name\":\"Home\",\"item\":\"https:\/\/ebmmanufacturing.com\/\"},{\"@type\":\"ListItem\",\"position\":2,\"name\":\"Careers\",\"item\":\"https:\/\/ebmmanufacturing.com\/careers\/\"},{\"@type\":\"ListItem\",\"position\":3,\"name\":\"Fabricator\"}]},{\"@type\":\"WebSite\",\"@id\":\"https:\/\/ebmmanufacturing.com\/#website\",\"url\":\"https:\/\/ebmmanufacturing.com\/\",\"name\":\"EBM Manufacturing\",\"description\":\"Bulk Material Handling, Screening and More\",\"publisher\":{\"@id\":\"https:\/\/ebmmanufacturing.com\/#organization\"},\"potentialAction\":[{\"@type\":\"SearchAction\",\"target\":{\"@type\":\"EntryPoint\",\"urlTemplate\":\"https:\/\/ebmmanufacturing.com\/?s={search_term_string}\"},\"query-input\":{\"@type\":\"PropertyValueSpecification\",\"valueRequired\":true,\"valueName\":\"search_term_string\"}}],\"inLanguage\":\"es\"},{\"@type\":\"Organization\",\"@id\":\"https:\/\/ebmmanufacturing.com\/#organization\",\"name\":\"EBM Manufacturing\",\"url\":\"https:\/\/ebmmanufacturing.com\/\",\"logo\":{\"@type\":\"ImageObject\",\"inLanguage\":\"es\",\"@id\":\"https:\/\/ebmmanufacturing.com\/#\/schema\/logo\/image\/\",\"url\":\"https:\/\/ebmmanufacturing.com\/wp-content\/uploads\/2020\/04\/EBMMFG_NEW.png\",\"contentUrl\":\"https:\/\/ebmmanufacturing.com\/wp-content\/uploads\/2020\/04\/EBMMFG_NEW.png\",\"width\":540,\"height\":240,\"caption\":\"EBM Manufacturing\"},\"image\":{\"@id\":\"https:\/\/ebmmanufacturing.com\/#\/schema\/logo\/image\/\"},\"sameAs\":[\"https:\/\/www.facebook.com\/GentleRoll\/\",\"https:\/\/x.com\/Gentle_Roll\",\"https:\/\/www.youtube.com\/channel\/UCrQSK-sppiJQspp_kPVeqiw\"]}]}<\/script>\n<!-- \/ Yoast SEO plugin. -->","yoast_head_json":{"title":"Fabricator - EBM Manufacturing","robots":{"index":"index","follow":"follow","max-snippet":"max-snippet:-1","max-image-preview":"max-image-preview:large","max-video-preview":"max-video-preview:-1"},"canonical":"https:\/\/ebmmanufacturing.com\/es\/careers\/fabricator\/","og_locale":"es_ES","og_type":"article","og_title":"Fabricator - EBM Manufacturing","og_description":"WELDERS \/\/ FABRICATORS \/\/ MACHINE OPERATORS EBM Manufacturing is an industry leader in the production of bulk handling agri-industrial equipment and custom screening technology. We are presently seeking a full time welders \/ fabricators\/ machine operators. Must have 3-5 years of experience. Responsibilities: Cuts workpiece using CNC machine, powered saws, hand shears or chipping knife. [&hellip;]","og_url":"https:\/\/ebmmanufacturing.com\/es\/careers\/fabricator\/","og_site_name":"EBM Manufacturing","article_publisher":"https:\/\/www.facebook.com\/GentleRoll\/","article_modified_time":"2024-01-31T20:48:51+00:00","twitter_card":"summary_large_image","twitter_site":"@Gentle_Roll","twitter_misc":{"Tiempo de lectura":"2 minutos"},"schema":{"@context":"https:\/\/schema.org","@graph":[{"@type":"WebPage","@id":"https:\/\/ebmmanufacturing.com\/careers\/fabricator\/","url":"https:\/\/ebmmanufacturing.com\/careers\/fabricator\/","name":"Fabricator - EBM Manufacturing","isPartOf":{"@id":"https:\/\/ebmmanufacturing.com\/#website"},"datePublished":"2021-05-13T20:11:14+00:00","dateModified":"2024-01-31T20:48:51+00:00","breadcrumb":{"@id":"https:\/\/ebmmanufacturing.com\/careers\/fabricator\/#breadcrumb"},"inLanguage":"es","potentialAction":[{"@type":"ReadAction","target":["https:\/\/ebmmanufacturing.com\/careers\/fabricator\/"]}]},{"@type":"BreadcrumbList","@id":"https:\/\/ebmmanufacturing.com\/careers\/fabricator\/#breadcrumb","itemListElement":[{"@type":"ListItem","position":1,"name":"Home","item":"https:\/\/ebmmanufacturing.com\/"},{"@type":"ListItem","position":2,"name":"Careers","item":"https:\/\/ebmmanufacturing.com\/careers\/"},{"@type":"ListItem","position":3,"name":"Fabricator"}]},{"@type":"WebSite","@id":"https:\/\/ebmmanufacturing.com\/#website","url":"https:\/\/ebmmanufacturing.com\/","name":"EBM Manufacturing","description":"Bulk Material Handling, Screening and More","publisher":{"@id":"https:\/\/ebmmanufacturing.com\/#organization"},"potentialAction":[{"@type":"SearchAction","target":{"@type":"EntryPoint","urlTemplate":"https:\/\/ebmmanufacturing.com\/?s={search_term_string}"},"query-input":{"@type":"PropertyValueSpecification","valueRequired":true,"valueName":"search_term_string"}}],"inLanguage":"es"},{"@type":"Organization","@id":"https:\/\/ebmmanufacturing.com\/#organization","name":"EBM Manufacturing","url":"https:\/\/ebmmanufacturing.com\/","logo":{"@type":"ImageObject","inLanguage":"es","@id":"https:\/\/ebmmanufacturing.com\/#\/schema\/logo\/image\/","url":"https:\/\/ebmmanufacturing.com\/wp-content\/uploads\/2020\/04\/EBMMFG_NEW.png","contentUrl":"https:\/\/ebmmanufacturing.com\/wp-content\/uploads\/2020\/04\/EBMMFG_NEW.png","width":540,"height":240,"caption":"EBM Manufacturing"},"image":{"@id":"https:\/\/ebmmanufacturing.com\/#\/schema\/logo\/image\/"},"sameAs":["https:\/\/www.facebook.com\/GentleRoll\/","https:\/\/x.com\/Gentle_Roll","https:\/\/www.youtube.com\/channel\/UCrQSK-sppiJQspp_kPVeqiw"]}]}},"_links":{"self":[{"href":"https:\/\/ebmmanufacturing.com\/es\/wp-json\/wp\/v2\/pages\/3890","targetHints":{"allow":["GET"]}}],"collection":[{"href":"https:\/\/ebmmanufacturing.com\/es\/wp-json\/wp\/v2\/pages"}],"about":[{"href":"https:\/\/ebmmanufacturing.com\/es\/wp-json\/wp\/v2\/types\/page"}],"author":[{"embeddable":true,"href":"https:\/\/ebmmanufacturing.com\/es\/wp-json\/wp\/v2\/users\/4"}],"replies":[{"embeddable":true,"href":"https:\/\/ebmmanufacturing.com\/es\/wp-json\/wp\/v2\/comments?post=3890"}],"version-history":[{"count":17,"href":"https:\/\/ebmmanufacturing.com\/es\/wp-json\/wp\/v2\/pages\/3890\/revisions"}],"predecessor-version":[{"id":17090,"href":"https:\/\/ebmmanufacturing.com\/es\/wp-json\/wp\/v2\/pages\/3890\/revisions\/17090"}],"up":[{"embeddable":true,"href":"https:\/\/ebmmanufacturing.com\/es\/wp-json\/wp\/v2\/pages\/1644"}],"wp:attachment":[{"href":"https:\/\/ebmmanufacturing.com\/es\/wp-json\/wp\/v2\/media?parent=3890"}],"curies":[{"name":"wp","href":"https:\/\/api.w.org\/{rel}","templated":true}]}}